{"id":2778,"date":"2017-02-24T19:08:30","date_gmt":"2017-02-24T18:08:30","guid":{"rendered":"https:\/\/sattlerei-hennig.de\/trensen\/"},"modified":"2026-02-25T12:16:46","modified_gmt":"2026-02-25T11:16:46","slug":"bridles","status":"publish","type":"page","link":"https:\/\/sattlerei-hennig.de\/en\/bridles\/","title":{"rendered":"Bridles"},"content":{"rendered":"\n<style>\nhtml body .hennig-page-header{position:relative;width:100%;overflow:hidden;margin:0}\nhtml body .hennig-page-header img{width:100%;height:420px;object-fit:cover;object-position:center 30%;display:block}\nhtml body .hennig-page-header-overlay{position:absolute;bottom:0;left:0;right:0;background:linear-gradient(to top,rgba(0,0,0,0.9) 0%,rgba(0,0,0,0.3) 60%,transparent 100%);padding:32px 40px}\nhtml body .hennig-sub{font-size:0.65rem!important;font-weight:700!important;letter-spacing:0.3em!important;text-transform:uppercase!important;color:#C9A84C!important;display:block!important;margin-bottom:10px!important}\nhtml body .hennig-h1{font-family:Georgia,serif!important;font-weight:300!important;font-size:clamp(1.8rem,3vw,2.6rem)!important;letter-spacing:0.08em!important;color:#C9A84C!important;margin:0!important;line-height:1.15!important;font-style:italic!important}\nhtml body .hennig-gold-line{width:60px!important;height:2px!important;background:#C9A84C!important;margin:24px auto 44px auto!important;display:block!important}\nhtml body .hennig-label{font-size:0.68rem!important;font-weight:700!important;letter-spacing:0.22em!important;text-transform:uppercase!important;color:#000000!important;margin:0 0 14px 0!important;display:block!important}\nhtml body .hennig-cream-box,html body .hennig-cream-box *{color:#000000!important}\nhtml body .hennig-cream-box{background:#F5F0E0!important;border-left:4px solid #C9A84C!important;padding:28px 32px!important;max-width:820px!important;margin:0 auto 20px auto!important}\nhtml body .hennig-arrow-list{list-style:none!important;padding:0!important;margin:0!important}\nhtml body .hennig-arrow-list li{color:#000000!important;padding:6px 0 6px 20px!important;position:relative!important;font-size:0.9rem!important;line-height:1.7!important}\nhtml body .hennig-arrow-list li::before{content:\"\u2192\"!important;position:absolute!important;left:0!important;color:#C9A84C!important;font-weight:bold!important}\nhtml body .hennig-nav-btn{display:block!important;background:#000000!important;border:1px solid #C9A84C!important;padding:18px 20px!important;text-decoration:none!important;color:#C9A84C!important;font-size:0.78rem!important;letter-spacing:0.15em!important;font-weight:600!important;text-transform:uppercase!important}\nhtml body .hennig-nav-btn:hover{background:#C9A84C!important;color:#000000!important}\nhtml body .hennig-nav-grid{display:grid!important;grid-template-columns:repeat(3,1fr)!important;gap:16px!important;max-width:820px!important;margin:0 auto 48px auto!important;padding:0 20px!important}\nhtml body .hennig-dl-section{max-width:820px;margin:0 auto 32px auto;padding:0 20px}\nhtml body .hennig-dl-grid{display:grid;grid-template-columns:repeat(2,1fr);gap:12px;margin-top:12px}\nhtml body .hennig-dl-btn{display:flex;align-items:center;gap:12px;background:#000;border:1px solid #C9A84C;padding:14px 18px;text-decoration:none;color:#C9A84C;font-size:0.78rem;font-weight:600;letter-spacing:0.1em;text-transform:uppercase;transition:background 0.2s}\nhtml body .hennig-dl-btn:hover{background:#C9A84C;color:#000}\nhtml body .hennig-dl-icon{font-size:1.2rem;font-weight:700}\nhtml body .hennig-dl-type{margin-left:auto;opacity:0.7;font-size:0.7rem}\n@media(max-width:640px){html body .hennig-nav-grid{grid-template-columns:1fr!important}html body .hennig-cream-box{padding:20px 18px!important}html body .hennig-h1{font-size:1.6rem!important}html body .hennig-page-header img{height:260px!important}html body .hennig-dl-grid{grid-template-columns:1fr}}\n<\/style>\n\n<div class=\"wp-block-group has-background\" style=\"background-color:#000000;padding:0;\">\n\n<div class=\"hennig-page-header\">\n<img decoding=\"async\" src=\"https:\/\/sattlerei-hennig.de\/wp-content\/uploads\/2017\/01\/HennigSlider_ret_20481284_WH__7513.jpg\" alt=\"Bridles \u2013 Sattlerei Hennig\" \/>\n<div class=\"hennig-page-header-overlay\">\n<span class=\"hennig-sub\">Hennig Accessories \u00b7 Craftsmanship in Leather<\/span>\n<h1 class=\"hennig-h1\"><em>Bridles<\/em><\/h1>\n<\/div>\n<\/div>\n\n<span class=\"hennig-gold-line\"><\/span>\n\n<div class=\"hennig-cream-box\">\n<span class=\"hennig-label\">Bridles &amp; Double Bridles Made to Measure<\/span>\n<p>Whether classic or rolled, as a snaffle or double bridle \u2013 here too our name stands for function and the highest quality. Specially made bridle cheek pieces allow easy swapping of the bits.<\/p>\n<\/div>\n\n<div class=\"hennig-cream-box\">\n<span class=\"hennig-label\">Supersoft Neck Pad<\/span>\n<p>Our &#8220;Supersoft&#8221; neck pad protects the sensitive neck muscles (parotid gland) of your horse. Browbands that are too short, throat latches that are too long, nosebands that are too tight \u2013 that&#8217;s a thing of the past! With our custom-made bridles, every strap fits your horse exactly.<\/p>\n<\/div>\n\n<div class=\"hennig-cream-box\">\n<span class=\"hennig-label\">First-Class Leather<\/span>\n<p>Whether classic (flat), rounded or rolled \u2013 first-class leather promises long service life and a wonderful feel in the hand. Our accessories correspond to the experience and demands of everyday riding.<\/p>\n<\/div>\n\n<div class=\"hennig-nav-grid\">\n<a href=\"https:\/\/sattlerei-hennig.de\/en\/double-bridle\/\" class=\"hennig-nav-btn\">\u2192 Double Bridle<\/a>\n<a href=\"https:\/\/sattlerei-hennig.de\/en\/fms-noseband\/\" class=\"hennig-nav-btn\">\u2192 FMS Noseband<\/a>\n<a href=\"https:\/\/sattlerei-hennig.de\/en\/hennig-accessories\/\" class=\"hennig-nav-btn\">\u2192 All Accessories<\/a>\n<\/div>\n\n<div class=\"hennig-dl-section\">\n<span class=\"hennig-label\" style=\"color:#000000;max-width:820px;margin:0 auto 20px auto;display:block;padding:0 20px\">DOWNLOADS<\/span>\n<div class=\"hennig-dl-grid\">\n<a href=\"https:\/\/sattlerei-hennig.de\/wp-content\/uploads\/2026\/02\/Measurement-Guide-Bridles-23-02-2026.pdf\" class=\"hennig-dl-btn\" download target=\"_blank\" style=\"color:#C9A84C\"><span class=\"hennig-dl-icon\">\u2193<\/span><span class=\"hennig-dl-text\">Measurement Guide \u2013 Bridles &amp; Double Bridles (EN)<\/span><span class=\"hennig-dl-type\">PDF<\/span><\/a>\n<\/div>\n<\/div>\n\n<\/div>\n","protected":false},"excerpt":{"rendered":"<p>Hennig Accessories \u00b7 Craftsmanship in Leather Bridles Bridles &amp; Double Bridles Made to Measure Whether classic or rolled, as a [&hellip;]<\/p>\n","protected":false},"author":1,"featured_media":2780,"parent":0,"menu_order":0,"comment_status":"closed","ping_status":"closed","template":"","meta":{"site-sidebar-layout":"default","site-content-layout":"","ast-site-content-layout":"default","site-content-style":"default","site-sidebar-style":"default","ast-global-header-display":"","ast-banner-title-visibility":"","ast-main-header-display":"","ast-hfb-above-header-display":"","ast-hfb-below-header-display":"","ast-hfb-mobile-header-display":"","site-post-title":"","ast-breadcrumbs-content":"","ast-featured-img":"","footer-sml-layout":"","ast-disable-related-posts":"","theme-transparent-header-meta":"","adv-header-id-meta":"","stick-header-meta":"","header-above-stick-meta":"","header-main-stick-meta":"","header-below-stick-meta":"","astra-migrate-meta-layouts":"default","ast-page-background-enabled":"default","ast-page-background-meta":{"desktop":{"background-color":"var(--ast-global-color-5)","background-image":"","background-repeat":"repeat","background-position":"center center","background-size":"auto","background-attachment":"scroll","background-type":"","background-media":"","overlay-type":"","overlay-color":"","overlay-opacity":"","overlay-gradient":""},"tablet":{"background-color":"","background-image":"","background-repeat":"repeat","background-position":"center center","background-size":"auto","background-attachment":"scroll","background-type":"","background-media":"","overlay-type":"","overlay-color":"","overlay-opacity":"","overlay-gradient":""},"mobile":{"background-color":"","background-image":"","background-repeat":"repeat","background-position":"center center","background-size":"auto","background-attachment":"scroll","background-type":"","background-media":"","overlay-type":"","overlay-color":"","overlay-opacity":"","overlay-gradient":""}},"ast-content-background-meta":{"desktop":{"background-color":"var(--ast-global-color-4)","background-image":"","background-repeat":"repeat","background-position":"center center","background-size":"auto","background-attachment":"scroll","background-type":"","background-media":"","overlay-type":"","overlay-color":"","overlay-opacity":"","overlay-gradient":""},"tablet":{"background-color":"var(--ast-global-color-4)","background-image":"","background-repeat":"repeat","background-position":"center center","background-size":"auto","background-attachment":"scroll","background-type":"","background-media":"","overlay-type":"","overlay-color":"","overlay-opacity":"","overlay-gradient":""},"mobile":{"background-color":"var(--ast-global-color-4)","background-image":"","background-repeat":"repeat","background-position":"center center","background-size":"auto","background-attachment":"scroll","background-type":"","background-media":"","overlay-type":"","overlay-color":"","overlay-opacity":"","overlay-gradient":""}},"_themeisle_gutenberg_block_has_review":false,"footnotes":""},"class_list":["post-2778","page","type-page","status-publish","has-post-thumbnail","hentry"],"yoast_head":"<!-- This site is optimized with the Yoast SEO plugin v27.1.1 - https:\/\/yoast.com\/product\/yoast-seo-wordpress\/ -->\n<title>Bridles - Sattlerei Hennig<\/title>\n<meta name=\"robots\" content=\"index, follow, max-snippet:-1, max-image-preview:large, max-video-preview:-1\" \/>\n<link rel=\"canonical\" href=\"https:\/\/sattlerei-hennig.de\/en\/bridles\/\" \/>\n<meta property=\"og:locale\" content=\"en_US\" \/>\n<meta property=\"og:type\" content=\"article\" \/>\n<meta property=\"og:title\" content=\"Bridles - Sattlerei Hennig\" \/>\n<meta property=\"og:description\" content=\"Hennig Accessories \u00b7 Craftsmanship in Leather Bridles Bridles &amp; Double Bridles Made to Measure Whether classic or rolled, as a [&hellip;]\" \/>\n<meta property=\"og:url\" content=\"https:\/\/sattlerei-hennig.de\/en\/bridles\/\" \/>\n<meta property=\"og:site_name\" content=\"Sattlerei Hennig\" \/>\n<meta property=\"article:publisher\" content=\"https:\/\/www.facebook.com\/SattlereiHennig\" \/>\n<meta property=\"article:modified_time\" content=\"2026-02-25T11:16:46+00:00\" \/>\n<meta property=\"og:image\" content=\"https:\/\/sattlerei-hennig.de\/wp-content\/uploads\/2017\/02\/1920_Trense_Beitragsbild_NH__7857-Bearbeitet.jpg\" \/>\n\t<meta property=\"og:image:width\" content=\"1920\" \/>\n\t<meta property=\"og:image:height\" content=\"2880\" \/>\n\t<meta property=\"og:image:type\" content=\"image\/jpeg\" \/>\n<meta name=\"twitter:card\" content=\"summary_large_image\" \/>\n<meta name=\"twitter:label1\" content=\"Est. reading time\" \/>\n\t<meta name=\"twitter:data1\" content=\"1 minute\" \/>\n<script type=\"application\/ld+json\" class=\"yoast-schema-graph\">{\"@context\":\"https:\/\/schema.org\",\"@graph\":[{\"@type\":\"WebPage\",\"@id\":\"https:\/\/sattlerei-hennig.de\/en\/bridles\/\",\"url\":\"https:\/\/sattlerei-hennig.de\/en\/bridles\/\",\"name\":\"Bridles - Sattlerei Hennig\",\"isPartOf\":{\"@id\":\"https:\/\/sattlerei-hennig.de\/en\/#website\"},\"primaryImageOfPage\":{\"@id\":\"https:\/\/sattlerei-hennig.de\/en\/bridles\/#primaryimage\"},\"image\":{\"@id\":\"https:\/\/sattlerei-hennig.de\/en\/bridles\/#primaryimage\"},\"thumbnailUrl\":\"https:\/\/sattlerei-hennig.de\/wp-content\/uploads\/2017\/02\/1920_Trense_Beitragsbild_NH__7857-Bearbeitet.jpg\",\"datePublished\":\"2017-02-24T18:08:30+00:00\",\"dateModified\":\"2026-02-25T11:16:46+00:00\",\"breadcrumb\":{\"@id\":\"https:\/\/sattlerei-hennig.de\/en\/bridles\/#breadcrumb\"},\"inLanguage\":\"en-US\",\"potentialAction\":[{\"@type\":\"ReadAction\",\"target\":[\"https:\/\/sattlerei-hennig.de\/en\/bridles\/\"]}]},{\"@type\":\"ImageObject\",\"inLanguage\":\"en-US\",\"@id\":\"https:\/\/sattlerei-hennig.de\/en\/bridles\/#primaryimage\",\"url\":\"https:\/\/sattlerei-hennig.de\/wp-content\/uploads\/2017\/02\/1920_Trense_Beitragsbild_NH__7857-Bearbeitet.jpg\",\"contentUrl\":\"https:\/\/sattlerei-hennig.de\/wp-content\/uploads\/2017\/02\/1920_Trense_Beitragsbild_NH__7857-Bearbeitet.jpg\",\"width\":1920,\"height\":2880,\"caption\":\"Ein Schimmel steht vor park\u00e4hnlichem Hintergrund, das Pferd ist mit einer Hennig Trense nach Ma\u00df aufgez\u00e4umt. Die Trense ist aus schwarzem Leder gefertigt und schwarz unterlegt. Hennig, Trensen und Kandaren werden im Genick verstellt, so gibt es keine Schnallen an den Seiten.\"},{\"@type\":\"BreadcrumbList\",\"@id\":\"https:\/\/sattlerei-hennig.de\/en\/bridles\/#breadcrumb\",\"itemListElement\":[{\"@type\":\"ListItem\",\"position\":1,\"name\":\"Start\",\"item\":\"https:\/\/sattlerei-hennig.de\/en\/sattlerei-hennig-2-2\/\"},{\"@type\":\"ListItem\",\"position\":2,\"name\":\"Bridles\"}]},{\"@type\":\"WebSite\",\"@id\":\"https:\/\/sattlerei-hennig.de\/en\/#website\",\"url\":\"https:\/\/sattlerei-hennig.de\/en\/\",\"name\":\"Sattlerei Hennig\",\"description\":\"100% Einzelma\u00dfanfertigung in Deutschland\",\"publisher\":{\"@id\":\"https:\/\/sattlerei-hennig.de\/en\/#organization\"},\"potentialAction\":[{\"@type\":\"SearchAction\",\"target\":{\"@type\":\"EntryPoint\",\"urlTemplate\":\"https:\/\/sattlerei-hennig.de\/en\/?s={search_term_string}\"},\"query-input\":{\"@type\":\"PropertyValueSpecification\",\"valueRequired\":true,\"valueName\":\"search_term_string\"}}],\"inLanguage\":\"en-US\"},{\"@type\":\"Organization\",\"@id\":\"https:\/\/sattlerei-hennig.de\/en\/#organization\",\"name\":\"Sattlerei Hennig\",\"alternateName\":\"Hennig Ma\u00dfs\u00e4ttel\",\"url\":\"https:\/\/sattlerei-hennig.de\/en\/\",\"logo\":{\"@type\":\"ImageObject\",\"inLanguage\":\"en-US\",\"@id\":\"https:\/\/sattlerei-hennig.de\/en\/#\/schema\/logo\/image\/\",\"url\":\"https:\/\/sattlerei-hennig.de\/wp-content\/uploads\/2016\/11\/Logo_WM_3D_1200px_Menu_white-2.png\",\"contentUrl\":\"https:\/\/sattlerei-hennig.de\/wp-content\/uploads\/2016\/11\/Logo_WM_3D_1200px_Menu_white-2.png\",\"width\":3543,\"height\":3543,\"caption\":\"Sattlerei Hennig\"},\"image\":{\"@id\":\"https:\/\/sattlerei-hennig.de\/en\/#\/schema\/logo\/image\/\"},\"sameAs\":[\"https:\/\/www.facebook.com\/SattlereiHennig\",\"https:\/\/www.instagram.com\/sattlerei.hennig\/\"]}]}<\/script>\n<!-- \/ Yoast SEO plugin. -->","yoast_head_json":{"title":"Bridles - Sattlerei Hennig","robots":{"index":"index","follow":"follow","max-snippet":"max-snippet:-1","max-image-preview":"max-image-preview:large","max-video-preview":"max-video-preview:-1"},"canonical":"https:\/\/sattlerei-hennig.de\/en\/bridles\/","og_locale":"en_US","og_type":"article","og_title":"Bridles - Sattlerei Hennig","og_description":"Hennig Accessories \u00b7 Craftsmanship in Leather Bridles Bridles &amp; Double Bridles Made to Measure Whether classic or rolled, as a [&hellip;]","og_url":"https:\/\/sattlerei-hennig.de\/en\/bridles\/","og_site_name":"Sattlerei Hennig","article_publisher":"https:\/\/www.facebook.com\/SattlereiHennig","article_modified_time":"2026-02-25T11:16:46+00:00","og_image":[{"width":1920,"height":2880,"url":"https:\/\/sattlerei-hennig.de\/wp-content\/uploads\/2017\/02\/1920_Trense_Beitragsbild_NH__7857-Bearbeitet.jpg","type":"image\/jpeg"}],"twitter_card":"summary_large_image","twitter_misc":{"Est. reading time":"1 minute"},"schema":{"@context":"https:\/\/schema.org","@graph":[{"@type":"WebPage","@id":"https:\/\/sattlerei-hennig.de\/en\/bridles\/","url":"https:\/\/sattlerei-hennig.de\/en\/bridles\/","name":"Bridles - Sattlerei Hennig","isPartOf":{"@id":"https:\/\/sattlerei-hennig.de\/en\/#website"},"primaryImageOfPage":{"@id":"https:\/\/sattlerei-hennig.de\/en\/bridles\/#primaryimage"},"image":{"@id":"https:\/\/sattlerei-hennig.de\/en\/bridles\/#primaryimage"},"thumbnailUrl":"https:\/\/sattlerei-hennig.de\/wp-content\/uploads\/2017\/02\/1920_Trense_Beitragsbild_NH__7857-Bearbeitet.jpg","datePublished":"2017-02-24T18:08:30+00:00","dateModified":"2026-02-25T11:16:46+00:00","breadcrumb":{"@id":"https:\/\/sattlerei-hennig.de\/en\/bridles\/#breadcrumb"},"inLanguage":"en-US","potentialAction":[{"@type":"ReadAction","target":["https:\/\/sattlerei-hennig.de\/en\/bridles\/"]}]},{"@type":"ImageObject","inLanguage":"en-US","@id":"https:\/\/sattlerei-hennig.de\/en\/bridles\/#primaryimage","url":"https:\/\/sattlerei-hennig.de\/wp-content\/uploads\/2017\/02\/1920_Trense_Beitragsbild_NH__7857-Bearbeitet.jpg","contentUrl":"https:\/\/sattlerei-hennig.de\/wp-content\/uploads\/2017\/02\/1920_Trense_Beitragsbild_NH__7857-Bearbeitet.jpg","width":1920,"height":2880,"caption":"Ein Schimmel steht vor park\u00e4hnlichem Hintergrund, das Pferd ist mit einer Hennig Trense nach Ma\u00df aufgez\u00e4umt. Die Trense ist aus schwarzem Leder gefertigt und schwarz unterlegt. Hennig, Trensen und Kandaren werden im Genick verstellt, so gibt es keine Schnallen an den Seiten."},{"@type":"BreadcrumbList","@id":"https:\/\/sattlerei-hennig.de\/en\/bridles\/#breadcrumb","itemListElement":[{"@type":"ListItem","position":1,"name":"Start","item":"https:\/\/sattlerei-hennig.de\/en\/sattlerei-hennig-2-2\/"},{"@type":"ListItem","position":2,"name":"Bridles"}]},{"@type":"WebSite","@id":"https:\/\/sattlerei-hennig.de\/en\/#website","url":"https:\/\/sattlerei-hennig.de\/en\/","name":"Sattlerei Hennig","description":"100% Einzelma\u00dfanfertigung in Deutschland","publisher":{"@id":"https:\/\/sattlerei-hennig.de\/en\/#organization"},"potentialAction":[{"@type":"SearchAction","target":{"@type":"EntryPoint","urlTemplate":"https:\/\/sattlerei-hennig.de\/en\/?s={search_term_string}"},"query-input":{"@type":"PropertyValueSpecification","valueRequired":true,"valueName":"search_term_string"}}],"inLanguage":"en-US"},{"@type":"Organization","@id":"https:\/\/sattlerei-hennig.de\/en\/#organization","name":"Sattlerei Hennig","alternateName":"Hennig Ma\u00dfs\u00e4ttel","url":"https:\/\/sattlerei-hennig.de\/en\/","logo":{"@type":"ImageObject","inLanguage":"en-US","@id":"https:\/\/sattlerei-hennig.de\/en\/#\/schema\/logo\/image\/","url":"https:\/\/sattlerei-hennig.de\/wp-content\/uploads\/2016\/11\/Logo_WM_3D_1200px_Menu_white-2.png","contentUrl":"https:\/\/sattlerei-hennig.de\/wp-content\/uploads\/2016\/11\/Logo_WM_3D_1200px_Menu_white-2.png","width":3543,"height":3543,"caption":"Sattlerei Hennig"},"image":{"@id":"https:\/\/sattlerei-hennig.de\/en\/#\/schema\/logo\/image\/"},"sameAs":["https:\/\/www.facebook.com\/SattlereiHennig","https:\/\/www.instagram.com\/sattlerei.hennig\/"]}]}},"_links":{"self":[{"href":"https:\/\/sattlerei-hennig.de\/en\/wp-json\/wp\/v2\/pages\/2778","targetHints":{"allow":["GET"]}}],"collection":[{"href":"https:\/\/sattlerei-hennig.de\/en\/wp-json\/wp\/v2\/pages"}],"about":[{"href":"https:\/\/sattlerei-hennig.de\/en\/wp-json\/wp\/v2\/types\/page"}],"author":[{"embeddable":true,"href":"https:\/\/sattlerei-hennig.de\/en\/wp-json\/wp\/v2\/users\/1"}],"replies":[{"embeddable":true,"href":"https:\/\/sattlerei-hennig.de\/en\/wp-json\/wp\/v2\/comments?post=2778"}],"version-history":[{"count":22,"href":"https:\/\/sattlerei-hennig.de\/en\/wp-json\/wp\/v2\/pages\/2778\/revisions"}],"predecessor-version":[{"id":5127,"href":"https:\/\/sattlerei-hennig.de\/en\/wp-json\/wp\/v2\/pages\/2778\/revisions\/5127"}],"wp:featuredmedia":[{"embeddable":true,"href":"https:\/\/sattlerei-hennig.de\/en\/wp-json\/wp\/v2\/media\/2780"}],"wp:attachment":[{"href":"https:\/\/sattlerei-hennig.de\/en\/wp-json\/wp\/v2\/media?parent=2778"}],"curies":[{"name":"wp","href":"https:\/\/api.w.org\/{rel}","templated":true}]}}